{"id":448,"date":"2020-12-03T12:43:23","date_gmt":"2020-12-03T12:43:23","guid":{"rendered":"http:\/\/laspalomascatering.com\/?page_id=448"},"modified":"2020-12-04T19:23:31","modified_gmt":"2020-12-04T19:23:31","slug":"espacios","status":"publish","type":"page","link":"https:\/\/laspalomascatering.com\/index.php\/espacios\/","title":{"rendered":"Espacios"},"content":{"rendered":"\t\t<div data-elementor-type=\"wp-page\" data-elementor-id=\"448\" class=\"elementor elementor-448\">\n\t\t\t\t\t\t<section class=\"elementor-section elementor-top-section elementor-element elementor-element-e5ed814 elementor-section-boxed elementor-section-height-default elementor-section-height-default parallax_section_no qode_elementor_container_no\" data-id=\"e5ed814\" data-element_type=\"section\">\n\t\t\t\t\t\t<div class=\"elementor-container elementor-column-gap-default\">\n\t\t\t\t\t<div class=\"elementor-column elementor-col-100 elementor-top-column elementor-element elementor-element-436b9a6\" data-id=\"436b9a6\" data-element_type=\"column\">\n\t\t\t<div class=\"elementor-widget-wrap elementor-element-populated\">\n\t\t\t\t\t\t<div class=\"elementor-element elementor-element-791183b elementor-widget elementor-widget-text-editor\" data-id=\"791183b\" data-element_type=\"widget\" data-widget_type=\"text-editor.default\">\n\t\t\t\t<div class=\"elementor-widget-container\">\n\t\t\t\t\t\t\t<h1>Espacios singulares<\/h1>\t\t\t\t\t\t<\/div>\n\t\t\t\t<\/div>\n\t\t\t\t<div class=\"elementor-element elementor-element-181d8a4 elementor-widget elementor-widget-text-editor\" data-id=\"181d8a4\" data-element_type=\"widget\" data-widget_type=\"text-editor.default\">\n\t\t\t\t<div class=\"elementor-widget-container\">\n\t\t\t\t\t\t\t<p>Una celebraci\u00f3n especial requiere de un lugar id\u00f3neo para que todo salga a la perfecci\u00f3n. En Las Palomas Catering&amp;Eventos contamos con un sal\u00f3n de celebraciones propio y diferentes espacios con mucho encanto, repartidos en distintos puntos de la provincia de Huelva. \u00bfConoces alg\u00fan lugar que consideres ideal para celebrar una ocasi\u00f3n especial? Escuchamos las propuestas y tratamos de adaptar nuestros servicios a otros entornos.<\/p>\t\t\t\t\t\t<\/div>\n\t\t\t\t<\/div>\n\t\t\t\t\t<\/div>\n\t\t<\/div>\n\t\t\t\t\t<\/div>\n\t\t<\/section>\n\t\t\t\t<section class=\"elementor-section elementor-top-section elementor-element elementor-element-dec06fd elementor-section-boxed elementor-section-height-default elementor-section-height-default parallax_section_no qode_elementor_container_no\" data-id=\"dec06fd\" data-element_type=\"section\">\n\t\t\t\t\t\t<div class=\"elementor-container elementor-column-gap-default\">\n\t\t\t\t\t<div class=\"elementor-column elementor-col-25 elementor-top-column elementor-element elementor-element-5ed2ad7\" data-id=\"5ed2ad7\" data-element_type=\"column\">\n\t\t\t<div class=\"elementor-widget-wrap elementor-element-populated\">\n\t\t\t\t\t\t<div class=\"elementor-element elementor-element-d33518a elementor-widget elementor-widget-image\" data-id=\"d33518a\" data-element_type=\"widget\" data-widget_type=\"image.default\">\n\t\t\t\t<div class=\"elementor-widget-container\">\n\t\t\t\t\t\t\t\t\t\t\t\t\t<img fetchpriority=\"high\" decoding=\"async\" width=\"800\" height=\"498\" src=\"https:\/\/laspalomascatering.com\/wp-content\/uploads\/2020\/12\/espacios_las_palomas_gallery_1.jpg\" class=\"attachment-full size-full wp-image-463\" alt=\"\" srcset=\"https:\/\/laspalomascatering.com\/wp-content\/uploads\/2020\/12\/espacios_las_palomas_gallery_1.jpg 800w, https:\/\/laspalomascatering.com\/wp-content\/uploads\/2020\/12\/espacios_las_palomas_gallery_1-300x187.jpg 300w, https:\/\/laspalomascatering.com\/wp-content\/uploads\/2020\/12\/espacios_las_palomas_gallery_1-768x478.jpg 768w, https:\/\/laspalomascatering.com\/wp-content\/uploads\/2020\/12\/espacios_las_palomas_gallery_1-700x436.jpg 700w\" sizes=\"(max-width: 800px) 100vw, 800px\" \/>\t\t\t\t\t\t\t\t\t\t\t\t\t<\/div>\n\t\t\t\t<\/div>\n\t\t\t\t<div class=\"elementor-element elementor-element-445849b elementor-widget elementor-widget-image\" data-id=\"445849b\" data-element_type=\"widget\" data-widget_type=\"image.default\">\n\t\t\t\t<div class=\"elementor-widget-container\">\n\t\t\t\t\t\t\t\t\t\t\t\t\t<img decoding=\"async\" width=\"800\" height=\"498\" src=\"https:\/\/laspalomascatering.com\/wp-content\/uploads\/2020\/12\/espacios_las_palomas_gallery_2.jpg\" class=\"attachment-full size-full wp-image-465\" alt=\"\" srcset=\"https:\/\/laspalomascatering.com\/wp-content\/uploads\/2020\/12\/espacios_las_palomas_gallery_2.jpg 800w, https:\/\/laspalomascatering.com\/wp-content\/uploads\/2020\/12\/espacios_las_palomas_gallery_2-300x187.jpg 300w, https:\/\/laspalomascatering.com\/wp-content\/uploads\/2020\/12\/espacios_las_palomas_gallery_2-768x478.jpg 768w, https:\/\/laspalomascatering.com\/wp-content\/uploads\/2020\/12\/espacios_las_palomas_gallery_2-700x436.jpg 700w\" sizes=\"(max-width: 800px) 100vw, 800px\" \/>\t\t\t\t\t\t\t\t\t\t\t\t\t<\/div>\n\t\t\t\t<\/div>\n\t\t\t\t\t<\/div>\n\t\t<\/div>\n\t\t\t\t<div class=\"elementor-column elementor-col-50 elementor-top-column elementor-element elementor-element-d55a64a\" data-id=\"d55a64a\" data-element_type=\"column\">\n\t\t\t<div class=\"elementor-widget-wrap elementor-element-populated\">\n\t\t\t\t\t\t<div class=\"elementor-element elementor-element-37c597b elementor-widget elementor-widget-image\" data-id=\"37c597b\" data-element_type=\"widget\" data-widget_type=\"image.default\">\n\t\t\t\t<div class=\"elementor-widget-container\">\n\t\t\t\t\t\t\t\t\t\t\t\t\t<img decoding=\"async\" width=\"800\" height=\"800\" src=\"https:\/\/laspalomascatering.com\/wp-content\/uploads\/2020\/12\/espacios_las_palomas_gallery_5_2.jpg\" class=\"attachment-full size-full wp-image-470\" alt=\"\" srcset=\"https:\/\/laspalomascatering.com\/wp-content\/uploads\/2020\/12\/espacios_las_palomas_gallery_5_2.jpg 800w, https:\/\/laspalomascatering.com\/wp-content\/uploads\/2020\/12\/espacios_las_palomas_gallery_5_2-300x300.jpg 300w, https:\/\/laspalomascatering.com\/wp-content\/uploads\/2020\/12\/espacios_las_palomas_gallery_5_2-150x150.jpg 150w, https:\/\/laspalomascatering.com\/wp-content\/uploads\/2020\/12\/espacios_las_palomas_gallery_5_2-768x768.jpg 768w, https:\/\/laspalomascatering.com\/wp-content\/uploads\/2020\/12\/espacios_las_palomas_gallery_5_2-570x570.jpg 570w, https:\/\/laspalomascatering.com\/wp-content\/uploads\/2020\/12\/espacios_las_palomas_gallery_5_2-500x500.jpg 500w, https:\/\/laspalomascatering.com\/wp-content\/uploads\/2020\/12\/espacios_las_palomas_gallery_5_2-700x700.jpg 700w\" sizes=\"(max-width: 800px) 100vw, 800px\" \/>\t\t\t\t\t\t\t\t\t\t\t\t\t<\/div>\n\t\t\t\t<\/div>\n\t\t\t\t\t<\/div>\n\t\t<\/div>\n\t\t\t\t<div class=\"elementor-column elementor-col-25 elementor-top-column elementor-element elementor-element-518e63b\" data-id=\"518e63b\" data-element_type=\"column\">\n\t\t\t<div class=\"elementor-widget-wrap elementor-element-populated\">\n\t\t\t\t\t\t<div class=\"elementor-element elementor-element-c8a4eea elementor-widget elementor-widget-image\" data-id=\"c8a4eea\" data-element_type=\"widget\" data-widget_type=\"image.default\">\n\t\t\t\t<div class=\"elementor-widget-container\">\n\t\t\t\t\t\t\t\t\t\t\t\t\t<img loading=\"lazy\" decoding=\"async\" width=\"800\" height=\"498\" src=\"https:\/\/laspalomascatering.com\/wp-content\/uploads\/2020\/12\/espacios_las_palomas_gallery_3.jpg\" class=\"attachment-full size-full wp-image-466\" alt=\"\" srcset=\"https:\/\/laspalomascatering.com\/wp-content\/uploads\/2020\/12\/espacios_las_palomas_gallery_3.jpg 800w, https:\/\/laspalomascatering.com\/wp-content\/uploads\/2020\/12\/espacios_las_palomas_gallery_3-300x187.jpg 300w, https:\/\/laspalomascatering.com\/wp-content\/uploads\/2020\/12\/espacios_las_palomas_gallery_3-768x478.jpg 768w, https:\/\/laspalomascatering.com\/wp-content\/uploads\/2020\/12\/espacios_las_palomas_gallery_3-700x436.jpg 700w\" sizes=\"(max-width: 800px) 100vw, 800px\" \/>\t\t\t\t\t\t\t\t\t\t\t\t\t<\/div>\n\t\t\t\t<\/div>\n\t\t\t\t<div class=\"elementor-element elementor-element-7a9943f elementor-widget elementor-widget-image\" data-id=\"7a9943f\" data-element_type=\"widget\" data-widget_type=\"image.default\">\n\t\t\t\t<div class=\"elementor-widget-container\">\n\t\t\t\t\t\t\t\t\t\t\t\t\t<img loading=\"lazy\" decoding=\"async\" width=\"800\" height=\"498\" src=\"https:\/\/laspalomascatering.com\/wp-content\/uploads\/2020\/12\/espacios_las_palomas_gallery_4.jpg\" class=\"attachment-full size-full wp-image-467\" alt=\"\" srcset=\"https:\/\/laspalomascatering.com\/wp-content\/uploads\/2020\/12\/espacios_las_palomas_gallery_4.jpg 800w, https:\/\/laspalomascatering.com\/wp-content\/uploads\/2020\/12\/espacios_las_palomas_gallery_4-300x187.jpg 300w, https:\/\/laspalomascatering.com\/wp-content\/uploads\/2020\/12\/espacios_las_palomas_gallery_4-768x478.jpg 768w, https:\/\/laspalomascatering.com\/wp-content\/uploads\/2020\/12\/espacios_las_palomas_gallery_4-700x436.jpg 700w\" sizes=\"(max-width: 800px) 100vw, 800px\" \/>\t\t\t\t\t\t\t\t\t\t\t\t\t<\/div>\n\t\t\t\t<\/div>\n\t\t\t\t\t<\/div>\n\t\t<\/div>\n\t\t\t\t\t<\/div>\n\t\t<\/section>\n\t\t\t\t<section class=\"elementor-section elementor-top-section elementor-element elementor-element-fbfdec0 elementor-section-full_width qode_elementor_container_inner elementor-section-height-default elementor-section-height-default parallax_section_no\" data-id=\"fbfdec0\" data-element_type=\"section\">\n\t\t\t\t\t\t<div class=\"elementor-container elementor-column-gap-no\">\n\t\t\t\t\t<div class=\"elementor-column elementor-col-100 elementor-top-column elementor-element elementor-element-4f0ad6c\" data-id=\"4f0ad6c\" data-element_type=\"column\">\n\t\t\t<div class=\"elementor-widget-wrap elementor-element-populated\">\n\t\t\t\t\t\t<div class=\"elementor-element elementor-element-2de6df3 elementor-widget elementor-widget-text-editor\" data-id=\"2de6df3\" data-element_type=\"widget\" data-widget_type=\"text-editor.default\">\n\t\t\t\t<div class=\"elementor-widget-container\">\n\t\t\t\t\t\t\t<h1 style=\"text-align: center;\">Quiero saber m\u00e1s<\/h1>\t\t\t\t\t\t<\/div>\n\t\t\t\t<\/div>\n\t\t\t\t<div class=\"elementor-element elementor-element-f3c5132 elementor-widget elementor-widget-text-editor\" data-id=\"f3c5132\" data-element_type=\"widget\" data-widget_type=\"text-editor.default\">\n\t\t\t\t<div class=\"elementor-widget-container\">\n\t\t\t\t\t\t\t<h3 style=\"text-align: center;\">D\u00e9janos tus datos si necesitas m\u00e1s informaci\u00f3n sobre nuestros servicios<\/h3>\t\t\t\t\t\t<\/div>\n\t\t\t\t<\/div>\n\t\t\t\t<div class=\"elementor-element elementor-element-c4b29a3 elementor-widget elementor-widget-bridge_cf_7\" data-id=\"c4b29a3\" data-element_type=\"widget\" data-widget_type=\"bridge_cf_7.default\">\n\t\t\t\t<div class=\"elementor-widget-container\">\n\t\t\t    <div class=\"qode-contact-form-7 qode-contact-form-7-0\">\n    \n<div class=\"wpcf7 no-js\" id=\"wpcf7-f171-o1\" lang=\"en-US\" dir=\"ltr\">\n<div class=\"screen-reader-response\"><p role=\"status\" aria-live=\"polite\" aria-atomic=\"true\"><\/p> <ul><\/ul><\/div>\n<form action=\"\/index.php\/wp-json\/wp\/v2\/pages\/448#wpcf7-f171-o1\" method=\"post\" class=\"wpcf7-form init cf7_custom_style_1\" aria-label=\"Contact form\" novalidate=\"novalidate\" data-status=\"init\">\n<div style=\"display: none;\">\n<input type=\"hidden\" name=\"_wpcf7\" value=\"171\" \/>\n<input type=\"hidden\" name=\"_wpcf7_version\" value=\"5.8.7\" \/>\n<input type=\"hidden\" name=\"_wpcf7_locale\" value=\"en_US\" \/>\n<input type=\"hidden\" name=\"_wpcf7_unit_tag\" value=\"wpcf7-f171-o1\" \/>\n<input type=\"hidden\" name=\"_wpcf7_container_post\" value=\"0\" \/>\n<input type=\"hidden\" name=\"_wpcf7_posted_data_hash\" value=\"\" \/>\n<\/div>\n<div class=\"two_columns_50_50\" style=\"overflow: hidden\">\n\t<div class=\"column1\">\n\t\t<div class=\"column_inner\">\n\t\t\t<p><span class=\"wpcf7-form-control-wrap\" data-name=\"nombre\"><input size=\"40\" class=\"wpcf7-form-control wpcf7-text wpcf7-validates-as-required\" aria-required=\"true\" aria-invalid=\"false\" placeholder=\"Nombre\" value=\"\" type=\"text\" name=\"nombre\" \/><\/span>\n\t\t\t<\/p>\n\t\t<\/div>\n\t<\/div>\n\t<div class=\"column2\">\n\t\t<div class=\"column_inner\">\n\t\t\t<p><span class=\"wpcf7-form-control-wrap\" data-name=\"apellidos\"><input size=\"40\" class=\"wpcf7-form-control wpcf7-text wpcf7-validates-as-required\" aria-required=\"true\" aria-invalid=\"false\" placeholder=\"Apellidos\" value=\"\" type=\"text\" name=\"apellidos\" \/><\/span>\n\t\t\t<\/p>\n\t\t<\/div>\n\t<\/div>\n<\/div>\n<div class=\"two_columns_50_50\" style=\"overflow: hidden\">\n\t<div class=\"column1\">\n\t\t<div class=\"column_inner\">\n\t\t\t<p><span class=\"wpcf7-form-control-wrap\" data-name=\"correo\"><input size=\"40\" class=\"wpcf7-form-control wpcf7-email wpcf7-validates-as-required wpcf7-text wpcf7-validates-as-email\" aria-required=\"true\" aria-invalid=\"false\" placeholder=\"E-mail\" value=\"\" type=\"email\" name=\"correo\" \/><\/span>\n\t\t\t<\/p>\n\t\t<\/div>\n\t<\/div>\n\t<div class=\"column2\">\n\t\t<div class=\"column_inner\">\n\t\t\t<p><span class=\"wpcf7-form-control-wrap\" data-name=\"telefono\"><input size=\"40\" class=\"wpcf7-form-control wpcf7-text wpcf7-validates-as-required\" aria-required=\"true\" aria-invalid=\"false\" placeholder=\"Tel\u00e9fono\" value=\"\" type=\"text\" name=\"telefono\" \/><\/span>\n\t\t\t<\/p>\n\t\t<\/div>\n\t<\/div>\n<\/div>\n<div>\n\t<p><span class=\"wpcf7-form-control-wrap\" data-name=\"your-message\"><textarea cols=\"40\" rows=\"10\" class=\"wpcf7-form-control wpcf7-textarea\" aria-invalid=\"false\" placeholder=\"Mensaje\" name=\"your-message\"><\/textarea><\/span>\n\t<\/p>\n<\/div>\n<div style=\" text-align: center; margin-top: 20px;\">\n\t<p><input class=\"wpcf7-form-control wpcf7-submit has-spinner\" type=\"submit\" value=\"Enviar\" \/>\n\t<\/p>\n<\/div><div class=\"wpcf7-response-output\" aria-hidden=\"true\"><\/div>\n<\/form>\n<\/div>\n    <\/div>\n\t\t<\/div>\n\t\t\t\t<\/div>\n\t\t\t\t\t<\/div>\n\t\t<\/div>\n\t\t\t\t\t<\/div>\n\t\t<\/section>\n\t\t\t\t<\/div>\n\t\t","protected":false},"excerpt":{"rendered":"<p>Espacios singulares Una celebraci\u00f3n especial requiere de un lugar id\u00f3neo para que todo salga a la perfecci\u00f3n. En Las Palomas Catering&amp;Eventos contamos con un sal\u00f3n de celebraciones propio y diferentes espacios con mucho encanto, repartidos en distintos puntos de la provincia de Huelva. \u00bfConoces alg\u00fan&#8230;<\/p>\n","protected":false},"author":2,"featured_media":0,"parent":0,"menu_order":0,"comment_status":"closed","ping_status":"closed","template":"full_width.php","meta":{"footnotes":""},"_links":{"self":[{"href":"https:\/\/laspalomascatering.com\/index.php\/wp-json\/wp\/v2\/pages\/448"}],"collection":[{"href":"https:\/\/laspalomascatering.com\/index.php\/wp-json\/wp\/v2\/pages"}],"about":[{"href":"https:\/\/laspalomascatering.com\/index.php\/wp-json\/wp\/v2\/types\/page"}],"author":[{"embeddable":true,"href":"https:\/\/laspalomascatering.com\/index.php\/wp-json\/wp\/v2\/users\/2"}],"replies":[{"embeddable":true,"href":"https:\/\/laspalomascatering.com\/index.php\/wp-json\/wp\/v2\/comments?post=448"}],"version-history":[{"count":20,"href":"https:\/\/laspalomascatering.com\/index.php\/wp-json\/wp\/v2\/pages\/448\/revisions"}],"predecessor-version":[{"id":594,"href":"https:\/\/laspalomascatering.com\/index.php\/wp-json\/wp\/v2\/pages\/448\/revisions\/594"}],"wp:attachment":[{"href":"https:\/\/laspalomascatering.com\/index.php\/wp-json\/wp\/v2\/media?parent=448"}],"curies":[{"name":"wp","href":"https:\/\/api.w.org\/{rel}","templated":true}]}}