{"id":333,"date":"2020-12-01T17:20:57","date_gmt":"2020-12-01T17:20:57","guid":{"rendered":"http:\/\/laspalomascatering.com\/?page_id=333"},"modified":"2020-12-04T19:22:51","modified_gmt":"2020-12-04T19:22:51","slug":"gastronomia","status":"publish","type":"page","link":"https:\/\/laspalomascatering.com\/index.php\/gastronomia\/","title":{"rendered":"Gastronom\u00eda"},"content":{"rendered":"\t\t<div data-elementor-type=\"wp-page\" data-elementor-id=\"333\" class=\"elementor elementor-333\">\n\t\t\t\t\t\t<section class=\"elementor-section elementor-top-section elementor-element elementor-element-0c0c52c elementor-section-boxed elementor-section-height-default elementor-section-height-default parallax_section_no qode_elementor_container_no\" data-id=\"0c0c52c\" data-element_type=\"section\">\n\t\t\t\t\t\t<div class=\"elementor-container elementor-column-gap-default\">\n\t\t\t\t\t<div class=\"elementor-column elementor-col-100 elementor-top-column elementor-element elementor-element-fb7823d\" data-id=\"fb7823d\" data-element_type=\"column\">\n\t\t\t<div class=\"elementor-widget-wrap elementor-element-populated\">\n\t\t\t\t\t\t<div class=\"elementor-element elementor-element-42a9e45 elementor-widget elementor-widget-text-editor\" data-id=\"42a9e45\" data-element_type=\"widget\" data-widget_type=\"text-editor.default\">\n\t\t\t\t<div class=\"elementor-widget-container\">\n\t\t\t\t\t\t\t<h1>Experiencia gastron\u00f3mica<\/h1>\t\t\t\t\t\t<\/div>\n\t\t\t\t<\/div>\n\t\t\t\t\t<\/div>\n\t\t<\/div>\n\t\t\t\t\t<\/div>\n\t\t<\/section>\n\t\t\t\t<section class=\"elementor-section elementor-top-section elementor-element elementor-element-f18cd7c elementor-section-boxed elementor-section-height-default elementor-section-height-default parallax_section_no qode_elementor_container_no\" data-id=\"f18cd7c\" data-element_type=\"section\">\n\t\t\t\t\t\t<div class=\"elementor-container elementor-column-gap-default\">\n\t\t\t\t\t<div class=\"elementor-column elementor-col-33 elementor-top-column elementor-element elementor-element-b0394ab\" data-id=\"b0394ab\" data-element_type=\"column\">\n\t\t\t<div class=\"elementor-widget-wrap elementor-element-populated\">\n\t\t\t\t\t\t<div class=\"elementor-element elementor-element-307bfed elementor-widget elementor-widget-image\" data-id=\"307bfed\" data-element_type=\"widget\" data-widget_type=\"image.default\">\n\t\t\t\t<div class=\"elementor-widget-container\">\n\t\t\t\t\t\t\t\t\t\t\t\t\t<img fetchpriority=\"high\" decoding=\"async\" width=\"500\" height=\"725\" src=\"https:\/\/laspalomascatering.com\/wp-content\/uploads\/2020\/12\/las_palomas_gastronomia_500x725_1.jpg\" class=\"attachment-full size-full wp-image-357\" alt=\"\" srcset=\"https:\/\/laspalomascatering.com\/wp-content\/uploads\/2020\/12\/las_palomas_gastronomia_500x725_1.jpg 500w, https:\/\/laspalomascatering.com\/wp-content\/uploads\/2020\/12\/las_palomas_gastronomia_500x725_1-207x300.jpg 207w\" sizes=\"(max-width: 500px) 100vw, 500px\" \/>\t\t\t\t\t\t\t\t\t\t\t\t\t<\/div>\n\t\t\t\t<\/div>\n\t\t\t\t\t<\/div>\n\t\t<\/div>\n\t\t\t\t<div class=\"elementor-column elementor-col-33 elementor-top-column elementor-element elementor-element-f748576\" data-id=\"f748576\" data-element_type=\"column\">\n\t\t\t<div class=\"elementor-widget-wrap elementor-element-populated\">\n\t\t\t\t\t\t<div class=\"elementor-element elementor-element-2c72dab elementor-widget elementor-widget-text-editor\" data-id=\"2c72dab\" data-element_type=\"widget\" data-widget_type=\"text-editor.default\">\n\t\t\t\t<div class=\"elementor-widget-container\">\n\t\t\t\t\t\t\t<div>\n<div data-bg-url=\"\">\n<div>\n<p>&nbsp;Son muchos los detalles que pueden hacer que una&nbsp; celebraci\u00f3n se convierta en un momento para recordar. La compa\u00f1\u00eda, el lugar, la m\u00fasica y, como no, la comida. En las Palomas Catering&amp;Eventos nos fijamos como objetivo emocionar a los clientes con nuestros platos, reinterpretando la cocina tradicional desde la innovaci\u00f3n, en un juego de sabores, texturas, aromas y colores que provoquen una aut\u00e9ntica explosi\u00f3n de los sentidos dif\u00edcil de olvidar.&nbsp;&nbsp;<\/p>\n<p>El respeto&nbsp;<span style=\"background-color: #ffffff;\">a la calidad del producto y a su origen es algo indispensable en cada una de nuestras creaciones, as\u00ed como las elaboradas presentaciones. Cuidamos cada uno de los detalles para ofrecer una&nbsp;<\/span>experiencia gastron\u00f3mica personalizada para cada evento.&nbsp;<\/p>\n<p><\/p>\n<\/div>\n<div>&nbsp;<\/div>\n<\/div>\n<\/div>\n<div>\n<div data-bg-url=\"\">\n<div><br><\/div>\n<\/div>\n<\/div>\t\t\t\t\t\t<\/div>\n\t\t\t\t<\/div>\n\t\t\t\t\t<\/div>\n\t\t<\/div>\n\t\t\t\t<div class=\"elementor-column elementor-col-33 elementor-top-column elementor-element elementor-element-a9bb55d elementor-hidden-tablet\" data-id=\"a9bb55d\" data-element_type=\"column\">\n\t\t\t<div class=\"elementor-widget-wrap elementor-element-populated\">\n\t\t\t\t\t\t<div class=\"elementor-element elementor-element-6ad4943 elementor-widget elementor-widget-image\" data-id=\"6ad4943\" data-element_type=\"widget\" data-widget_type=\"image.default\">\n\t\t\t\t<div class=\"elementor-widget-container\">\n\t\t\t\t\t\t\t\t\t\t\t\t\t<img decoding=\"async\" width=\"500\" height=\"725\" src=\"https:\/\/laspalomascatering.com\/wp-content\/uploads\/2020\/12\/las_palomas_gastronomia_500x725_2.jpg\" class=\"attachment-full size-full wp-image-359\" alt=\"\" srcset=\"https:\/\/laspalomascatering.com\/wp-content\/uploads\/2020\/12\/las_palomas_gastronomia_500x725_2.jpg 500w, https:\/\/laspalomascatering.com\/wp-content\/uploads\/2020\/12\/las_palomas_gastronomia_500x725_2-207x300.jpg 207w\" sizes=\"(max-width: 500px) 100vw, 500px\" \/>\t\t\t\t\t\t\t\t\t\t\t\t\t<\/div>\n\t\t\t\t<\/div>\n\t\t\t\t\t<\/div>\n\t\t<\/div>\n\t\t\t\t\t<\/div>\n\t\t<\/section>\n\t\t\t\t<section class=\"elementor-section elementor-top-section elementor-element elementor-element-1219617 elementor-section-boxed elementor-section-height-default elementor-section-height-default parallax_section_no qode_elementor_container_no\" data-id=\"1219617\" data-element_type=\"section\">\n\t\t\t\t\t\t<div class=\"elementor-container elementor-column-gap-narrow\">\n\t\t\t\t\t<div class=\"elementor-column elementor-col-25 elementor-top-column elementor-element elementor-element-de80b57\" data-id=\"de80b57\" data-element_type=\"column\">\n\t\t\t<div class=\"elementor-widget-wrap elementor-element-populated\">\n\t\t\t\t\t\t<div class=\"elementor-element elementor-element-2ee1f4d elementor-widget elementor-widget-image\" data-id=\"2ee1f4d\" data-element_type=\"widget\" data-widget_type=\"image.default\">\n\t\t\t\t<div class=\"elementor-widget-container\">\n\t\t\t\t\t\t\t\t\t\t\t\t\t<img decoding=\"async\" width=\"725\" height=\"500\" src=\"https:\/\/laspalomascatering.com\/wp-content\/uploads\/2020\/12\/las_palomas_gastronomia_galeria_1.jpg\" class=\"attachment-full size-full wp-image-378\" alt=\"\" srcset=\"https:\/\/laspalomascatering.com\/wp-content\/uploads\/2020\/12\/las_palomas_gastronomia_galeria_1.jpg 725w, https:\/\/laspalomascatering.com\/wp-content\/uploads\/2020\/12\/las_palomas_gastronomia_galeria_1-300x207.jpg 300w, https:\/\/laspalomascatering.com\/wp-content\/uploads\/2020\/12\/las_palomas_gastronomia_galeria_1-700x483.jpg 700w\" sizes=\"(max-width: 725px) 100vw, 725px\" \/>\t\t\t\t\t\t\t\t\t\t\t\t\t<\/div>\n\t\t\t\t<\/div>\n\t\t\t\t\t<\/div>\n\t\t<\/div>\n\t\t\t\t<div class=\"elementor-column elementor-col-25 elementor-top-column elementor-element elementor-element-553cc53\" data-id=\"553cc53\" data-element_type=\"column\">\n\t\t\t<div class=\"elementor-widget-wrap elementor-element-populated\">\n\t\t\t\t\t\t<div class=\"elementor-element elementor-element-9662e8e elementor-widget elementor-widget-image\" data-id=\"9662e8e\" data-element_type=\"widget\" data-widget_type=\"image.default\">\n\t\t\t\t<div class=\"elementor-widget-container\">\n\t\t\t\t\t\t\t\t\t\t\t\t\t<img loading=\"lazy\" decoding=\"async\" width=\"725\" height=\"500\" src=\"https:\/\/laspalomascatering.com\/wp-content\/uploads\/2020\/12\/las_palomas_gastronomia_galeria_2.jpg\" class=\"attachment-full size-full wp-image-379\" alt=\"\" srcset=\"https:\/\/laspalomascatering.com\/wp-content\/uploads\/2020\/12\/las_palomas_gastronomia_galeria_2.jpg 725w, https:\/\/laspalomascatering.com\/wp-content\/uploads\/2020\/12\/las_palomas_gastronomia_galeria_2-300x207.jpg 300w, https:\/\/laspalomascatering.com\/wp-content\/uploads\/2020\/12\/las_palomas_gastronomia_galeria_2-700x483.jpg 700w\" sizes=\"(max-width: 725px) 100vw, 725px\" \/>\t\t\t\t\t\t\t\t\t\t\t\t\t<\/div>\n\t\t\t\t<\/div>\n\t\t\t\t\t<\/div>\n\t\t<\/div>\n\t\t\t\t<div class=\"elementor-column elementor-col-25 elementor-top-column elementor-element elementor-element-36c9337\" data-id=\"36c9337\" data-element_type=\"column\">\n\t\t\t<div class=\"elementor-widget-wrap elementor-element-populated\">\n\t\t\t\t\t\t<div class=\"elementor-element elementor-element-b897b74 elementor-widget elementor-widget-image\" data-id=\"b897b74\" data-element_type=\"widget\" data-widget_type=\"image.default\">\n\t\t\t\t<div class=\"elementor-widget-container\">\n\t\t\t\t\t\t\t\t\t\t\t\t\t<img loading=\"lazy\" decoding=\"async\" width=\"725\" height=\"500\" src=\"https:\/\/laspalomascatering.com\/wp-content\/uploads\/2020\/12\/las_palomas_gastronomia_galeria_3.jpg\" class=\"attachment-full size-full wp-image-380\" alt=\"\" srcset=\"https:\/\/laspalomascatering.com\/wp-content\/uploads\/2020\/12\/las_palomas_gastronomia_galeria_3.jpg 725w, https:\/\/laspalomascatering.com\/wp-content\/uploads\/2020\/12\/las_palomas_gastronomia_galeria_3-300x207.jpg 300w, https:\/\/laspalomascatering.com\/wp-content\/uploads\/2020\/12\/las_palomas_gastronomia_galeria_3-700x483.jpg 700w\" sizes=\"(max-width: 725px) 100vw, 725px\" \/>\t\t\t\t\t\t\t\t\t\t\t\t\t<\/div>\n\t\t\t\t<\/div>\n\t\t\t\t\t<\/div>\n\t\t<\/div>\n\t\t\t\t<div class=\"elementor-column elementor-col-25 elementor-top-column elementor-element elementor-element-88d43fd\" data-id=\"88d43fd\" data-element_type=\"column\">\n\t\t\t<div class=\"elementor-widget-wrap elementor-element-populated\">\n\t\t\t\t\t\t<div class=\"elementor-element elementor-element-2889736 elementor-widget elementor-widget-image\" data-id=\"2889736\" data-element_type=\"widget\" data-widget_type=\"image.default\">\n\t\t\t\t<div class=\"elementor-widget-container\">\n\t\t\t\t\t\t\t\t\t\t\t\t\t<img loading=\"lazy\" decoding=\"async\" width=\"725\" height=\"500\" src=\"https:\/\/laspalomascatering.com\/wp-content\/uploads\/2020\/12\/las_palomas_gastronomia_galeria_4.jpg\" class=\"attachment-large size-large wp-image-386\" alt=\"\" srcset=\"https:\/\/laspalomascatering.com\/wp-content\/uploads\/2020\/12\/las_palomas_gastronomia_galeria_4.jpg 725w, https:\/\/laspalomascatering.com\/wp-content\/uploads\/2020\/12\/las_palomas_gastronomia_galeria_4-300x207.jpg 300w, https:\/\/laspalomascatering.com\/wp-content\/uploads\/2020\/12\/las_palomas_gastronomia_galeria_4-700x483.jpg 700w\" sizes=\"(max-width: 725px) 100vw, 725px\" \/>\t\t\t\t\t\t\t\t\t\t\t\t\t<\/div>\n\t\t\t\t<\/div>\n\t\t\t\t\t<\/div>\n\t\t<\/div>\n\t\t\t\t\t<\/div>\n\t\t<\/section>\n\t\t\t\t<\/div>\n\t\t","protected":false},"excerpt":{"rendered":"<p>Experiencia gastron\u00f3mica &nbsp;Son muchos los detalles que pueden hacer que una&nbsp; celebraci\u00f3n se convierta en un momento para recordar. La compa\u00f1\u00eda, el lugar, la m\u00fasica y, como no, la comida. En las Palomas Catering&amp;Eventos nos fijamos como objetivo emocionar a los clientes con nuestros platos,&#8230;<\/p>\n","protected":false},"author":2,"featured_media":0,"parent":0,"menu_order":0,"comment_status":"closed","ping_status":"closed","template":"full_width.php","meta":{"footnotes":""},"_links":{"self":[{"href":"https:\/\/laspalomascatering.com\/index.php\/wp-json\/wp\/v2\/pages\/333"}],"collection":[{"href":"https:\/\/laspalomascatering.com\/index.php\/wp-json\/wp\/v2\/pages"}],"about":[{"href":"https:\/\/laspalomascatering.com\/index.php\/wp-json\/wp\/v2\/types\/page"}],"author":[{"embeddable":true,"href":"https:\/\/laspalomascatering.com\/index.php\/wp-json\/wp\/v2\/users\/2"}],"replies":[{"embeddable":true,"href":"https:\/\/laspalomascatering.com\/index.php\/wp-json\/wp\/v2\/comments?post=333"}],"version-history":[{"count":45,"href":"https:\/\/laspalomascatering.com\/index.php\/wp-json\/wp\/v2\/pages\/333\/revisions"}],"predecessor-version":[{"id":580,"href":"https:\/\/laspalomascatering.com\/index.php\/wp-json\/wp\/v2\/pages\/333\/revisions\/580"}],"wp:attachment":[{"href":"https:\/\/laspalomascatering.com\/index.php\/wp-json\/wp\/v2\/media?parent=333"}],"curies":[{"name":"wp","href":"https:\/\/api.w.org\/{rel}","templated":true}]}}