{"id":206,"date":"2020-09-02T08:01:09","date_gmt":"2020-09-02T08:01:09","guid":{"rendered":"https:\/\/bridge396.qodeinteractive.com\/?page_id=15"},"modified":"2021-05-24T17:25:36","modified_gmt":"2021-05-24T17:25:36","slug":"home","status":"publish","type":"page","link":"https:\/\/laspalomascatering.com\/","title":{"rendered":"Home"},"content":{"rendered":"\t\t<div data-elementor-type=\"wp-page\" data-elementor-id=\"206\" class=\"elementor elementor-206\">\n\t\t\t\t\t\t<section class=\"elementor-section elementor-top-section elementor-element elementor-element-be2e19b elementor-section-full_width elementor-section-height-default elementor-section-height-default parallax_section_no qode_elementor_container_no\" data-id=\"be2e19b\" data-element_type=\"section\">\n\t\t\t\t\t\t<div class=\"elementor-container elementor-column-gap-no\">\n\t\t\t\t\t<div class=\"elementor-column elementor-col-100 elementor-top-column elementor-element elementor-element-8a5bbe6\" data-id=\"8a5bbe6\" data-element_type=\"column\">\n\t\t\t<div class=\"elementor-widget-wrap elementor-element-populated\">\n\t\t\t\t\t\t<div class=\"elementor-element elementor-element-65843ca elementor-widget elementor-widget-slider_revolution\" data-id=\"65843ca\" data-element_type=\"widget\" data-widget_type=\"slider_revolution.default\">\n\t\t\t\t<div class=\"elementor-widget-container\">\n\t\t\t\r\n\t\t<div class=\"wp-block-themepunch-revslider\">\n\t\t\t<!-- START Home Slider REVOLUTION SLIDER 6.2.23 --><p class=\"rs-p-wp-fix\"><\/p>\n\t\t\t<rs-module-wrap id=\"rev_slider_1_1_wrapper\" data-source=\"gallery\" style=\"background:#fbfbfb;padding:0;margin:0px auto;margin-top:0;margin-bottom:0;\">\n\t\t\t\t<rs-module id=\"rev_slider_1_1\" style=\"\" data-version=\"6.2.23\">\n\t\t\t\t\t<rs-slides>\n\t\t\t\t\t\t<rs-slide data-key=\"rs-1\" data-title=\"Slide\" data-thumb=\"\/\/laspalomascatering.com\/wp-content\/uploads\/2020\/12\/las_palomas_slide_1_1-50x100.jpg\" data-anim=\"ei:power1.in;eo:power1.out;s:1000;r:0;t:fade;sl:0;\" data-firstanim=\"t:fade;s:300;sl:7;\" data-p1=\"1 \/ 3\">\n\t\t\t\t\t\t\t<img fetchpriority=\"high\" decoding=\"async\" src=\"\/\/laspalomascatering.com\/wp-content\/uploads\/2020\/12\/las_palomas_slide_1_1.jpg\" title=\"las_palomas_slide_1_1\" width=\"1920\" height=\"674\" class=\"rev-slidebg\" data-no-retina>\n<!---->\t\t\t\t\t\t<\/rs-slide>\n\t\t\t\t\t\t<rs-slide data-key=\"rs-2\" data-title=\"Slide\" data-thumb=\"\/\/laspalomascatering.com\/wp-content\/uploads\/2020\/12\/las_palomas_slide_34-50x100.jpg\" data-anim=\"ei:power1.in;eo:power1.out;s:1000;r:0;t:fade;sl:0;\" data-p1=\"2 \/ 3\">\n\t\t\t\t\t\t\t<img decoding=\"async\" src=\"\/\/laspalomascatering.com\/wp-content\/uploads\/2020\/12\/las_palomas_slide_34.jpg\" title=\"las_palomas_slide_34\" width=\"1920\" height=\"674\" class=\"rev-slidebg\" data-no-retina>\n<!---->\t\t\t\t\t\t<\/rs-slide>\n\t\t\t\t\t\t<rs-slide data-key=\"rs-3\" data-title=\"Slide\" data-thumb=\"\/\/laspalomascatering.com\/wp-content\/uploads\/2020\/12\/las_palomas_slide_5-50x100.jpg\" data-anim=\"ei:power1.in;eo:power1.out;s:1000;r:0;t:fade;sl:0;\" data-p1=\"3 \/ 3\">\n\t\t\t\t\t\t\t<img decoding=\"async\" src=\"\/\/laspalomascatering.com\/wp-content\/uploads\/2020\/12\/las_palomas_slide_5.jpg\" title=\"las_palomas_slide_5\" width=\"1920\" height=\"674\" class=\"rev-slidebg\" data-no-retina>\n<!---->\t\t\t\t\t\t<\/rs-slide>\n\t\t\t\t\t<\/rs-slides>\n\t\t\t\t<\/rs-module>\n\t\t\t\t<script type=\"text\/javascript\">\n\t\t\t\t\tsetREVStartSize({c: 'rev_slider_1_1',rl:[1240,1024,778,480],el:[674,768,960,720],gw:[1300,1100,778,480],gh:[674,604,560,720],type:'standard',justify:'',layout:'fullwidth',mh:\"0\"});\n\t\t\t\t\tvar\trevapi1,\n\t\t\t\t\t\ttpj;\n\t\t\t\t\tfunction revinit_revslider11() {\n\t\t\t\t\tjQuery(function() {\n\t\t\t\t\t\ttpj = jQuery;\n\t\t\t\t\t\trevapi1 = tpj(\"#rev_slider_1_1\");\n\t\t\t\t\t\tif(revapi1==undefined || revapi1.revolution == undefined){\n\t\t\t\t\t\t\trevslider_showDoubleJqueryError(\"rev_slider_1_1\");\n\t\t\t\t\t\t}else{\n\t\t\t\t\t\t\trevapi1.revolution({\n\t\t\t\t\t\t\t\tsliderLayout:\"fullwidth\",\n\t\t\t\t\t\t\t\tduration:\"3500ms\",\n\t\t\t\t\t\t\t\tvisibilityLevels:\"1240,1024,778,480\",\n\t\t\t\t\t\t\t\tgridwidth:\"1300,1100,778,480\",\n\t\t\t\t\t\t\t\tgridheight:\"674,604,560,720\",\n\t\t\t\t\t\t\t\tperspective:600,\n\t\t\t\t\t\t\t\tperspectiveType:\"global\",\n\t\t\t\t\t\t\t\teditorheight:\"674,768,960,720\",\n\t\t\t\t\t\t\t\tresponsiveLevels:\"1240,1024,778,480\",\n\t\t\t\t\t\t\t\tprogressBar:{disableProgressBar:true},\n\t\t\t\t\t\t\t\tnavigation: {\n\t\t\t\t\t\t\t\t\tonHoverStop:false,\n\t\t\t\t\t\t\t\t\tarrows: {\n\t\t\t\t\t\t\t\t\t\tenable:true,\n\t\t\t\t\t\t\t\t\t\ttmp:\"<div class=\\\"bridge-nav-arrow-holder\\\">  <span class=\\\"bridge-nav-arrow\\\"><svg version=\\\"1.1\\\" xmlns=\\\"http:\/\/www.w3.org\/2000\/svg\\\" xmlns:xlink=\\\"http:\/\/www.w3.org\/1999\/xlink\\\" x=\\\"0px\\\" y=\\\"0px\\\"\t width=\\\"40px\\\" height=\\\"60px\\\" viewBox=\\\"-0.304 146.656 40 60\\\" enable-background=\\\"new -0.304 146.656 40 60\\\" xml:space=\\\"preserve\\\"><polyline fill=\\\"none\\\" stroke=\\\"#000000\\\" stroke-miterlimit=\\\"10\\\" points=\\\"25.195,155.877 13.713,177.004 25.223,198.104 \\\"\/><\/svg><\/span>  <span class=\\\"bridge-nav-rev-number\\\">{{param1}}<\/span><\/div>\",\n\t\t\t\t\t\t\t\t\t\tstyle:\"bridge-navigation\",\n\t\t\t\t\t\t\t\t\t\thide_onmobile:true,\n\t\t\t\t\t\t\t\t\t\thide_under:\"1025px\",\n\t\t\t\t\t\t\t\t\t\tleft: {\n\t\t\t\t\t\t\t\t\t\t\th_offset:30\n\t\t\t\t\t\t\t\t\t\t},\n\t\t\t\t\t\t\t\t\t\tright: {\n\t\t\t\t\t\t\t\t\t\t\th_offset:30\n\t\t\t\t\t\t\t\t\t\t}\n\t\t\t\t\t\t\t\t\t},\n\t\t\t\t\t\t\t\t\tbullets: {\n\t\t\t\t\t\t\t\t\t\tenable:true,\n\t\t\t\t\t\t\t\t\t\ttmp:\"\",\n\t\t\t\t\t\t\t\t\t\tstyle:\"bridge-pagination\",\n\t\t\t\t\t\t\t\t\t\thide_over:\"1025px\",\n\t\t\t\t\t\t\t\t\t\tv_offset:100\n\t\t\t\t\t\t\t\t\t}\n\t\t\t\t\t\t\t\t},\n\t\t\t\t\t\t\t\tfallbacks: {\n\t\t\t\t\t\t\t\t\tallowHTML5AutoPlayOnAndroid:true\n\t\t\t\t\t\t\t\t},\n\t\t\t\t\t\t\t});\n\t\t\t\t\t\t\tvar revapi11 = jQuery(document).ready(function() {\n \n        jQuery('#rev_slider_1').show().revolution({\n \n            \/* SLIDER SETTINGS HERE *\/\n \n        });\n    });\n \n    revapi11.one('revolution.slide.onloaded', function() {\n \n        setTimeout(function(){ \n        \tjQuery('.tparrows.bridge-navigation').css({\n            \topacity: '1',\n              \tvisibility: 'visible'\n            });\n        }, 1200);\n \n    });\n\t\t\t\t\t\t}\n\t\t\t\t\t\t\n\t\t\t\t\t});\n\t\t\t\t\t} \/\/ End of RevInitScript\n\t\t\t\tvar once_revslider11 = false;\n\t\t\t\tif (document.readyState === \"loading\") {document.addEventListener('readystatechange',function() { if((document.readyState === \"interactive\" || document.readyState === \"complete\") && !once_revslider11 ) { once_revslider11 = true; revinit_revslider11();}});} else {once_revslider11 = true; revinit_revslider11();}\n\t\t\t\t<\/script>\n\t\t\t\t<script>\n\t\t\t\t\tvar htmlDivCss = unescape(\".tparrows.bridge-navigation%20%7B%0A%20%20width%3A%2080px%20%21important%3B%0A%20%20font-family%3A%20%22Lato%22%2C%20sans-serif%3B%0A%20%20font-size%3A%2014px%3B%0A%20%20line-height%3A%2023px%3B%0A%20%20font-weight%3A%20400%3B%0A%20%20color%3A%20%23000%3B%0A%20%20background%3A%20none%3B%0A%20%20opacity%3A%200%3B%0A%20%20visibility%3A%20hidden%3B%0A%20%20transition%3A%20opacity%20.5s%20ease-in-out%3B%0A%7D%0A%0A.tparrows.bridge-navigation%3Ahover%20%7B%0A%20%20background%3A%20none%3B%0A%7D%0A%0A.tparrows.bridge-navigation%3Abefore%20%7B%0A%20%20display%3A%20none%3B%0A%7D%0A%0A.tparrows%20.bridge-nav-arrow%3Abefore%20%7B%0A%20%20transform-origin%3A%20bottom%3B%0A%7D%0A%0A.tparrows%20.bridge-nav-arrow%3Aafter%20%7B%0A%20%09transform-origin%3A%20top%3B%0A%7D%0A%0A.tparrows.bridge-navigation%20.bridge-nav-rev-number%20%7B%0A%20%20position%3A%20relative%3B%0A%20%20top%3A%20-3px%3B%0A%20%20transition%3A%20.3s%20cubic-bezier%280.31%2C%200.7%2C%200%2C%200.96%29%3B%0A%7D%0A%0A.tparrows.bridge-navigation%20%3E%20div%20%7B%0A%20%20%20%20display%3A%20flex%3B%0A%20%20%09align-items%3A%20center%3B%0A%7D%0A%0A.tparrows.tp-rightarrow%20%3E%20div%20%7B%0A%20%20%09flex-direction%3A%20row-reverse%3B%0A%7D%0A%0A.tparrows.tp-rightarrow%20svg%20%7B%0A%09display%3A%20inline-block%3B%0A%20%20%09transform%3A%20rotate%28180deg%29%3B%0A%7D%0A%0A.bridge-pagination%20.tp-bullet%20%7B%0A%20%20%20%20width%3A%209px%3B%0A%20%20%20%20height%3A%209px%3B%0A%20%20%20%20border-radius%3A%2050%25%3B%0A%20%20%20%20background-color%3A%20%23000%3B%0A%20%20%20%20transition%3A%20all%200.3s%20ease%3B%0A%7D%0A%0A.bridge-pagination%20.tp-bullet.selected%2C%20.bridge-pagination%20.tp-bullet%3Ahover%20%7B%0A%20%20%20%20background-color%3A%20%23ba9470%3B%0A%7D%0A\");\n\t\t\t\t\tvar htmlDiv = document.getElementById('rs-plugin-settings-inline-css');\n\t\t\t\t\tif(htmlDiv) {\n\t\t\t\t\t\thtmlDiv.innerHTML = htmlDiv.innerHTML + htmlDivCss;\n\t\t\t\t\t}else{\n\t\t\t\t\t\tvar htmlDiv = document.createElement('div');\n\t\t\t\t\t\thtmlDiv.innerHTML = '<style>' + htmlDivCss + '<\/style>';\n\t\t\t\t\t\tdocument.getElementsByTagName('head')[0].appendChild(htmlDiv.childNodes[0]);\n\t\t\t\t\t}\n\t\t\t\t<\/script>\n\t\t\t\t<script>\n\t\t\t\t\tvar htmlDivCss = unescape(\"%0A%0A%0A%0A%0A%0A\");\n\t\t\t\t\tvar htmlDiv = document.getElementById('rs-plugin-settings-inline-css');\n\t\t\t\t\tif(htmlDiv) {\n\t\t\t\t\t\thtmlDiv.innerHTML = htmlDiv.innerHTML + htmlDivCss;\n\t\t\t\t\t}else{\n\t\t\t\t\t\tvar htmlDiv = document.createElement('div');\n\t\t\t\t\t\thtmlDiv.innerHTML = '<style>' + htmlDivCss + '<\/style>';\n\t\t\t\t\t\tdocument.getElementsByTagName('head')[0].appendChild(htmlDiv.childNodes[0]);\n\t\t\t\t\t}\n\t\t\t\t<\/script>\n\t\t\t<\/rs-module-wrap>\n\t\t\t<!-- END REVOLUTION SLIDER -->\n<\/div>\r\n\r\n\t\t\t\t<\/div>\n\t\t\t\t<\/div>\n\t\t\t\t\t<\/div>\n\t\t<\/div>\n\t\t\t\t\t<\/div>\n\t\t<\/section>\n\t\t\t\t<section class=\"elementor-section elementor-top-section elementor-element elementor-element-eb121f2 elementor-section-full_width qode_elementor_container_inner elementor-section-height-default elementor-section-height-default parallax_section_no\" data-id=\"eb121f2\" data-element_type=\"section\">\n\t\t\t\t\t\t<div class=\"elementor-container elementor-column-gap-no\">\n\t\t\t\t\t<div class=\"elementor-column elementor-col-100 elementor-top-column elementor-element elementor-element-ef13b73\" data-id=\"ef13b73\" data-element_type=\"column\" data-settings=\"{&quot;background_background&quot;:&quot;classic&quot;}\">\n\t\t\t<div class=\"elementor-widget-wrap elementor-element-populated\">\n\t\t\t\t\t\t<div class=\"elementor-element elementor-element-d4a2644 elementor-widget elementor-widget-text-editor\" data-id=\"d4a2644\" data-element_type=\"widget\" data-widget_type=\"text-editor.default\">\n\t\t\t\t<div class=\"elementor-widget-container\">\n\t\t\t\t\t\t\t<h1 style=\"text-align: center;\">Catering &amp; Eventos<\/h1>\t\t\t\t\t\t<\/div>\n\t\t\t\t<\/div>\n\t\t\t\t<div class=\"elementor-element elementor-element-ccd94f9 elementor-widget elementor-widget-text-editor\" data-id=\"ccd94f9\" data-element_type=\"widget\" data-widget_type=\"text-editor.default\">\n\t\t\t\t<div class=\"elementor-widget-container\">\n\t\t\t\t\t\t\t<h3 style=\"text-align: center;\">Contamos con la experiencia, el equipo y los espacios id\u00f3neos para todas tus celebraciones.<br>Cuidamos todos los detalles para que puedas disfrutar de momentos inolvidables.<\/h3>\t\t\t\t\t\t<\/div>\n\t\t\t\t<\/div>\n\t\t\t\t<div class=\"elementor-element elementor-element-383d9c4 elementor-widget__width-auto elementor-widget elementor-widget-bridge_button\" data-id=\"383d9c4\" data-element_type=\"widget\" data-widget_type=\"bridge_button.default\">\n\t\t\t\t<div class=\"elementor-widget-container\">\n\t\t\t<a  itemprop=\"url\" href=\"http:\/\/laspalomascatering.com\/index.php\/contacto\/\" target=\"_self\"  class=\"qbutton  default\" style=\"\">QUIERO SABER M\u00c1S<\/a>\t\t<\/div>\n\t\t\t\t<\/div>\n\t\t\t\t\t<\/div>\n\t\t<\/div>\n\t\t\t\t\t<\/div>\n\t\t<\/section>\n\t\t\t\t<section class=\"elementor-section elementor-top-section elementor-element elementor-element-4630b4a elementor-section-full_width qode_elementor_container_inner elementor-section-height-default elementor-section-height-default parallax_section_no\" data-id=\"4630b4a\" data-element_type=\"section\">\n\t\t\t\t\t\t<div class=\"elementor-container elementor-column-gap-no\">\n\t\t\t\t\t<div class=\"elementor-column elementor-col-33 elementor-top-column elementor-element elementor-element-a051d45\" data-id=\"a051d45\" data-element_type=\"column\">\n\t\t\t<div class=\"elementor-widget-wrap elementor-element-populated\">\n\t\t\t\t\t\t<div class=\"elementor-element elementor-element-6eec2ab elementor-widget-tablet__width-auto elementor-widget elementor-widget-bridge_banner\" data-id=\"6eec2ab\" data-element_type=\"widget\" data-widget_type=\"bridge_banner.default\">\n\t\t\t\t<div class=\"elementor-widget-container\">\n\t\t\t<div class=\"qode-banner qode-banner-va-top\"><a class=\"qode-banner-link\" href=\"http:\/\/laspalomascatering.com\/index.php\/bodas\/\" target=\"_self\"><\/a><div class=\"qode-banner-image\"><img decoding=\"async\" itemprop=\"image\" src=\"https:\/\/laspalomascatering.com\/wp-content\/uploads\/2020\/12\/las_palomas_bodas_800x498.jpg\" alt=\"\" \/><\/div><div class=\"qode-banner-content\"><div class=\"qode-banner-content-inner\"><div class=\"qode-banner-text-holder\"><h2>Bodas<\/h2><\/div><\/div><\/div><\/div>\t\t<\/div>\n\t\t\t\t<\/div>\n\t\t\t\t\t<\/div>\n\t\t<\/div>\n\t\t\t\t<div class=\"elementor-column elementor-col-33 elementor-top-column elementor-element elementor-element-2b24439\" data-id=\"2b24439\" data-element_type=\"column\">\n\t\t\t<div class=\"elementor-widget-wrap elementor-element-populated\">\n\t\t\t\t\t\t<div class=\"elementor-element elementor-element-8c29180 elementor-widget-tablet__width-auto elementor-widget elementor-widget-bridge_banner\" data-id=\"8c29180\" data-element_type=\"widget\" data-widget_type=\"bridge_banner.default\">\n\t\t\t\t<div class=\"elementor-widget-container\">\n\t\t\t<div class=\"qode-banner qode-banner-va-top\"><a class=\"qode-banner-link\" href=\"#\" target=\"_self\"><\/a><div class=\"qode-banner-image\"><img decoding=\"async\" itemprop=\"image\" src=\"https:\/\/laspalomascatering.com\/wp-content\/uploads\/2020\/12\/las_palomas_eventos_800x498_2.jpg\" alt=\"\" \/><\/div><div class=\"qode-banner-content\"><div class=\"qode-banner-content-inner\"><div class=\"qode-banner-text-holder\"><h2>Eventos<\/h2><\/div><\/div><\/div><\/div>\t\t<\/div>\n\t\t\t\t<\/div>\n\t\t\t\t\t<\/div>\n\t\t<\/div>\n\t\t\t\t<div class=\"elementor-column elementor-col-33 elementor-top-column elementor-element elementor-element-dc387d0\" data-id=\"dc387d0\" data-element_type=\"column\">\n\t\t\t<div class=\"elementor-widget-wrap elementor-element-populated\">\n\t\t\t\t\t\t<div class=\"elementor-element elementor-element-6ae9f6e elementor-widget-tablet__width-auto elementor-widget elementor-widget-bridge_banner\" data-id=\"6ae9f6e\" data-element_type=\"widget\" data-widget_type=\"bridge_banner.default\">\n\t\t\t\t<div class=\"elementor-widget-container\">\n\t\t\t<div class=\"qode-banner qode-banner-va-top\"><a class=\"qode-banner-link\" href=\"http:\/\/laspalomascatering.com\/index.php\/gastronomia\/\" target=\"_self\"><\/a><div class=\"qode-banner-image\"><img decoding=\"async\" itemprop=\"image\" src=\"https:\/\/laspalomascatering.com\/wp-content\/uploads\/2020\/12\/las_palomas_gastronomia_800x498_2.jpg\" alt=\"\" \/><\/div><div class=\"qode-banner-content\"><div class=\"qode-banner-content-inner\"><div class=\"qode-banner-text-holder\"><h2>Gastronom\u00eda<\/h2><\/div><\/div><\/div><\/div>\t\t<\/div>\n\t\t\t\t<\/div>\n\t\t\t\t\t<\/div>\n\t\t<\/div>\n\t\t\t\t\t<\/div>\n\t\t<\/section>\n\t\t\t\t<section class=\"elementor-section elementor-top-section elementor-element elementor-element-2625045 elementor-section-full_width qode_elementor_container_inner elementor-section-height-default elementor-section-height-default parallax_section_no\" data-id=\"2625045\" data-element_type=\"section\">\n\t\t\t\t\t\t<div class=\"elementor-container elementor-column-gap-no\">\n\t\t\t\t\t<div class=\"elementor-column elementor-col-100 elementor-top-column elementor-element elementor-element-2d0dede\" data-id=\"2d0dede\" data-element_type=\"column\">\n\t\t\t<div class=\"elementor-widget-wrap elementor-element-populated\">\n\t\t\t\t\t\t<div class=\"elementor-element elementor-element-ebb7850 elementor-widget elementor-widget-text-editor\" data-id=\"ebb7850\" data-element_type=\"widget\" data-widget_type=\"text-editor.default\">\n\t\t\t\t<div class=\"elementor-widget-container\">\n\t\t\t\t\t\t\t<h1 style=\"text-align: center;\">Celebra, comparte, disfruta<\/h1>\t\t\t\t\t\t<\/div>\n\t\t\t\t<\/div>\n\t\t\t\t<div class=\"elementor-element elementor-element-e667596 elementor-widget elementor-widget-text-editor\" data-id=\"e667596\" data-element_type=\"widget\" data-widget_type=\"text-editor.default\">\n\t\t\t\t<div class=\"elementor-widget-container\">\n\t\t\t\t\t\t\t<h3 style=\"text-align: center;\">Celebra con nosotros bodas, comuniones, cumplea\u00f1os, eventos de empresa o cualquier d\u00eda especial que merezca la pena compartir con compa\u00f1eros, amigos y familiares.<\/h3>\t\t\t\t\t\t<\/div>\n\t\t\t\t<\/div>\n\t\t\t\t\t<\/div>\n\t\t<\/div>\n\t\t\t\t\t<\/div>\n\t\t<\/section>\n\t\t\t\t<section class=\"elementor-section elementor-top-section elementor-element elementor-element-b4c58cc elementor-section-full_width qode_elementor_container_inner elementor-section-height-default elementor-section-height-default parallax_section_no\" data-id=\"b4c58cc\" data-element_type=\"section\" data-settings=\"{&quot;background_background&quot;:&quot;classic&quot;}\">\n\t\t\t\t\t\t<div class=\"elementor-container elementor-column-gap-no\">\n\t\t\t\t\t<div class=\"elementor-column elementor-col-33 elementor-top-column elementor-element elementor-element-85909a4\" data-id=\"85909a4\" data-element_type=\"column\" data-settings=\"{&quot;background_background&quot;:&quot;classic&quot;}\">\n\t\t\t<div class=\"elementor-widget-wrap\">\n\t\t\t\t\t\t\t<\/div>\n\t\t<\/div>\n\t\t\t\t<div class=\"elementor-column elementor-col-33 elementor-top-column elementor-element elementor-element-adac2a4\" data-id=\"adac2a4\" data-element_type=\"column\" data-settings=\"{&quot;background_background&quot;:&quot;classic&quot;}\">\n\t\t\t<div class=\"elementor-widget-wrap elementor-element-populated\">\n\t\t\t\t\t\t<div class=\"elementor-element elementor-element-4dc4a19 elementor-widget elementor-widget-text-editor\" data-id=\"4dc4a19\" data-element_type=\"widget\" data-widget_type=\"text-editor.default\">\n\t\t\t\t<div class=\"elementor-widget-container\">\n\t\t\t\t\t\t\t<h1 style=\"text-align: center;\">Espacios\u00a0<\/h1>\t\t\t\t\t\t<\/div>\n\t\t\t\t<\/div>\n\t\t\t\t<div class=\"elementor-element elementor-element-52d7a53 elementor-widget elementor-widget-text-editor\" data-id=\"52d7a53\" data-element_type=\"widget\" data-widget_type=\"text-editor.default\">\n\t\t\t\t<div class=\"elementor-widget-container\">\n\t\t\t\t\t\t\t<h3 style=\"text-align: center;\">Encuentra el lugar id\u00f3neo para tus celebraciones.<\/h3>\t\t\t\t\t\t<\/div>\n\t\t\t\t<\/div>\n\t\t\t\t<div class=\"elementor-element elementor-element-c99ee53 elementor-widget__width-auto elementor-widget elementor-widget-bridge_button\" data-id=\"c99ee53\" data-element_type=\"widget\" data-widget_type=\"bridge_button.default\">\n\t\t\t\t<div class=\"elementor-widget-container\">\n\t\t\t<a  itemprop=\"url\" href=\"http:\/\/laspalomascatering.com\/index.php\/espacios\/\" target=\"_self\"  class=\"qbutton  default\" style=\"\">M\u00e1s informaci\u00f3n<\/a>\t\t<\/div>\n\t\t\t\t<\/div>\n\t\t\t\t\t<\/div>\n\t\t<\/div>\n\t\t\t\t<div class=\"elementor-column elementor-col-33 elementor-top-column elementor-element elementor-element-1af2f1b\" data-id=\"1af2f1b\" data-element_type=\"column\" data-settings=\"{&quot;background_background&quot;:&quot;classic&quot;}\">\n\t\t\t<div class=\"elementor-widget-wrap\">\n\t\t\t\t\t\t\t<\/div>\n\t\t<\/div>\n\t\t\t\t\t<\/div>\n\t\t<\/section>\n\t\t\t\t<\/div>\n\t\t","protected":false},"excerpt":{"rendered":"<p>Catering &amp; Eventos Contamos con la experiencia, el equipo y los espacios id\u00f3neos para todas tus celebraciones.Cuidamos todos los detalles para que puedas disfrutar de momentos inolvidables. QUIERO SABER M\u00c1S Bodas Eventos Gastronom\u00eda Celebra, comparte, disfruta Celebra con nosotros bodas, comuniones, cumplea\u00f1os, eventos de empresa&#8230;<\/p>\n","protected":false},"author":2,"featured_media":0,"parent":0,"menu_order":0,"comment_status":"closed","ping_status":"closed","template":"full_width.php","meta":{"footnotes":""},"_links":{"self":[{"href":"https:\/\/laspalomascatering.com\/index.php\/wp-json\/wp\/v2\/pages\/206"}],"collection":[{"href":"https:\/\/laspalomascatering.com\/index.php\/wp-json\/wp\/v2\/pages"}],"about":[{"href":"https:\/\/laspalomascatering.com\/index.php\/wp-json\/wp\/v2\/types\/page"}],"author":[{"embeddable":true,"href":"https:\/\/laspalomascatering.com\/index.php\/wp-json\/wp\/v2\/users\/2"}],"replies":[{"embeddable":true,"href":"https:\/\/laspalomascatering.com\/index.php\/wp-json\/wp\/v2\/comments?post=206"}],"version-history":[{"count":76,"href":"https:\/\/laspalomascatering.com\/index.php\/wp-json\/wp\/v2\/pages\/206\/revisions"}],"predecessor-version":[{"id":602,"href":"https:\/\/laspalomascatering.com\/index.php\/wp-json\/wp\/v2\/pages\/206\/revisions\/602"}],"wp:attachment":[{"href":"https:\/\/laspalomascatering.com\/index.php\/wp-json\/wp\/v2\/media?parent=206"}],"curies":[{"name":"wp","href":"https:\/\/api.w.org\/{rel}","templated":true}]}}